{"id":57,"date":"2021-11-18T13:49:32","date_gmt":"2021-11-18T13:49:32","guid":{"rendered":"http:\/\/ivanbermudez.com\/?page_id=57"},"modified":"2022-04-15T14:14:21","modified_gmt":"2022-04-15T14:14:21","slug":"actor","status":"publish","type":"page","link":"http:\/\/ivanbermudez.com\/index.php\/actor\/","title":{"rendered":"Actor"},"content":{"rendered":"\t\t<div data-elementor-type=\"wp-page\" data-elementor-id=\"57\" class=\"elementor elementor-57\" data-elementor-settings=\"[]\">\n\t\t\t\t\t\t\t<div class=\"elementor-section-wrap\">\n\t\t\t\t\t\t\t<section class=\"elementor-section elementor-top-section elementor-element elementor-element-11e23c7 elementor-section-stretched elementor-section-height-min-height elementor-section-items-top elementor-section-content-top elementor-section-boxed elementor-section-height-default\" data-id=\"11e23c7\" data-element_type=\"section\" data-settings=\"{&quot;stretch_section&quot;:&quot;section-stretched&quot;}\">\n\t\t\t\t\t\t<div class=\"elementor-container elementor-column-gap-default\">\n\t\t\t\t\t<div class=\"elementor-column elementor-col-100 elementor-top-column elementor-element elementor-element-b4e74f8\" data-id=\"b4e74f8\" data-element_type=\"column\">\n\t\t\t<div class=\"elementor-widget-wrap elementor-element-populated\">\n\t\t\t\t\t\t\t\t<div class=\"elementor-element elementor-element-78a7619 elementor-widget elementor-widget-heading\" data-id=\"78a7619\" data-element_type=\"widget\" data-widget_type=\"heading.default\">\n\t\t\t\t<div class=\"elementor-widget-container\">\n\t\t\t<h2 class=\"elementor-heading-title elementor-size-xxl\">ACTOR<\/h2>\t\t<\/div>\n\t\t\t\t<\/div>\n\t\t\t\t<div class=\"elementor-element elementor-element-298338a elementor-widget elementor-widget-spacer\" data-id=\"298338a\" data-element_type=\"widget\" data-widget_type=\"spacer.default\">\n\t\t\t\t<div class=\"elementor-widget-container\">\n\t\t\t\t\t<div class=\"elementor-spacer\">\n\t\t\t<div class=\"elementor-spacer-inner\"><\/div>\n\t\t<\/div>\n\t\t\t\t<\/div>\n\t\t\t\t<\/div>\n\t\t\t\t<div class=\"elementor-element elementor-element-550bd9e elementor-position-left elementor-vertical-align-top elementor-widget elementor-widget-image-box\" data-id=\"550bd9e\" data-element_type=\"widget\" data-widget_type=\"image-box.default\">\n\t\t\t\t<div class=\"elementor-widget-container\">\n\t\t\t<div class=\"elementor-image-box-wrapper\"><figure class=\"elementor-image-box-img\"><a href=\"http:\/\/ivanbermudez.com\/index.php\/actor\/producciones-ajenas\/\"><img width=\"2020\" height=\"1072\" src=\"http:\/\/ivanbermudez.com\/wp-content\/uploads\/2021\/11\/ivanBermudez_escenaBruja1.jpeg\" class=\"attachment-full size-full\" alt=\"\" \/><\/a><\/figure><div class=\"elementor-image-box-content\"><h3 class=\"elementor-image-box-title\"><a href=\"http:\/\/ivanbermudez.com\/index.php\/actor\/producciones-ajenas\/\">Producciones ajenas<\/a><\/h3><p class=\"elementor-image-box-description\">Todas las producciones cinematogr\u00e1ficas en las que he participado como actor y\/o figurante. Puedes consultar mi participaci\u00f3n en varios cortometrajes, videoclips, anuncios, pel\u00edculas,....<br><br>Como podr\u00e1s comprobar las localizaciones son diversas (Madrid, M\u00e1laga, Granada, Almer\u00eda,...), ya que si el proyecto es interesante no hay localizaci\u00f3n lo suficientemente alejada a la que no me desplace con gusto.<\/p><\/div><\/div>\t\t<\/div>\n\t\t\t\t<\/div>\n\t\t\t\t<div class=\"elementor-element elementor-element-94a15ee elementor-widget elementor-widget-spacer\" data-id=\"94a15ee\" data-element_type=\"widget\" data-widget_type=\"spacer.default\">\n\t\t\t\t<div class=\"elementor-widget-container\">\n\t\t\t\t\t<div class=\"elementor-spacer\">\n\t\t\t<div class=\"elementor-spacer-inner\"><\/div>\n\t\t<\/div>\n\t\t\t\t<\/div>\n\t\t\t\t<\/div>\n\t\t\t\t<div class=\"elementor-element elementor-element-a022fa4 elementor-position-right elementor-vertical-align-top elementor-widget elementor-widget-image-box\" data-id=\"a022fa4\" data-element_type=\"widget\" data-widget_type=\"image-box.default\">\n\t\t\t\t<div class=\"elementor-widget-container\">\n\t\t\t<div class=\"elementor-image-box-wrapper\"><figure class=\"elementor-image-box-img\"><a href=\"http:\/\/ivanbermudez.com\/index.php\/producciones-propias\/\"><img width=\"1920\" height=\"1080\" src=\"http:\/\/ivanbermudez.com\/wp-content\/uploads\/2021\/12\/Secuencia-02.00_01_49_07.Imagen-fija001.jpg\" class=\"attachment-full size-full\" alt=\"arteEnTiemposDeCovid\" \/><\/a><\/figure><div class=\"elementor-image-box-content\"><h3 class=\"elementor-image-box-title\"><a href=\"http:\/\/ivanbermudez.com\/index.php\/producciones-propias\/\">Producciones propias<\/a><\/h3><p class=\"elementor-image-box-description\">La pasi\u00f3n por este mundillo me mueve a seguir realizando producciones propias sirvi\u00e9ndome de mis conocimientos inform\u00e1ticos profesionales y mi material de grabaci\u00f3n. Todas y cada una de las versiones de mi videobook las he grabado y maquetado yo mismo, as\u00ed como mi propio cortometraje.<br><br>Todas las escenas y producciones se basan en guiones propios e ideas originales. No dudes en visitar mi secci\u00f3n de guionista donde podr\u00e1s encontrar el gui\u00f3n de tu pr\u00f3xima producci\u00f3n cinematogr\u00e1fica.  <\/p><\/div><\/div>\t\t<\/div>\n\t\t\t\t<\/div>\n\t\t\t\t\t<\/div>\n\t\t<\/div>\n\t\t\t\t\t\t\t<\/div>\n\t\t<\/section>\n\t\t\t\t\t\t<\/div>\n\t\t\t\t\t<\/div>\n\t\t","protected":false},"excerpt":{"rendered":"<p>ACTOR Producciones ajenas Todas las producciones cinematogr\u00e1ficas en las que he participado como actor y\/o figurante. Puedes consultar mi participaci\u00f3n en varios cortometrajes, videoclips, anuncios, pel\u00edculas,&#8230;. Como podr\u00e1s comprobar las localizaciones son diversas (Madrid, M\u00e1laga, Granada, Almer\u00eda,&#8230;), ya que si el proyecto es interesante no hay localizaci\u00f3n lo suficientemente alejada a la que no me &hellip; <\/p>\n","protected":false},"author":1,"featured_media":0,"parent":0,"menu_order":0,"comment_status":"closed","ping_status":"closed","template":"elementor_theme","meta":{"_monsterinsights_skip_tracking":false,"_monsterinsights_sitenote_active":false,"_monsterinsights_sitenote_note":"","_monsterinsights_sitenote_category":0},"_links":{"self":[{"href":"http:\/\/ivanbermudez.com\/index.php\/wp-json\/wp\/v2\/pages\/57"}],"collection":[{"href":"http:\/\/ivanbermudez.com\/index.php\/wp-json\/wp\/v2\/pages"}],"about":[{"href":"http:\/\/ivanbermudez.com\/index.php\/wp-json\/wp\/v2\/types\/page"}],"author":[{"embeddable":true,"href":"http:\/\/ivanbermudez.com\/index.php\/wp-json\/wp\/v2\/users\/1"}],"replies":[{"embeddable":true,"href":"http:\/\/ivanbermudez.com\/index.php\/wp-json\/wp\/v2\/comments?post=57"}],"version-history":[{"count":97,"href":"http:\/\/ivanbermudez.com\/index.php\/wp-json\/wp\/v2\/pages\/57\/revisions"}],"predecessor-version":[{"id":950,"href":"http:\/\/ivanbermudez.com\/index.php\/wp-json\/wp\/v2\/pages\/57\/revisions\/950"}],"wp:attachment":[{"href":"http:\/\/ivanbermudez.com\/index.php\/wp-json\/wp\/v2\/media?parent=57"}],"curies":[{"name":"wp","href":"https:\/\/api.w.org\/{rel}","templated":true}]}}